{"id":784,"date":"2018-12-12T20:32:49","date_gmt":"2018-12-12T20:32:49","guid":{"rendered":"http:\/\/intuitives-reiten.de\/?page_id=784"},"modified":"2022-11-29T21:59:24","modified_gmt":"2022-11-29T21:59:24","slug":"aktuelles-termine","status":"publish","type":"page","link":"https:\/\/intuitives-reiten.de\/?page_id=784","title":{"rendered":"AKTUELLES\/TERMINE"},"content":{"rendered":"\n<p><\/p>\n\n\n\n<p><strong><span class=\"has-inline-color has-vivid-red-color\">KREIS BAD KREUZNACH<\/span><\/strong><\/p>\n\n\n\n<p><strong>Entlang dieser Strecke sind Pl\u00e4tze frei:<\/strong><\/p>\n\n\n\n<figure class=\"wp-block-image size-large\"><img loading=\"lazy\" decoding=\"async\" width=\"869\" height=\"404\" src=\"https:\/\/intuitives-reiten.de\/wp-content\/uploads\/2021\/03\/Screenshot-2021-02-27-221125.png\" alt=\"\" class=\"wp-image-905\" srcset=\"https:\/\/intuitives-reiten.de\/wp-content\/uploads\/2021\/03\/Screenshot-2021-02-27-221125.png 869w, https:\/\/intuitives-reiten.de\/wp-content\/uploads\/2021\/03\/Screenshot-2021-02-27-221125-300x139.png 300w, https:\/\/intuitives-reiten.de\/wp-content\/uploads\/2021\/03\/Screenshot-2021-02-27-221125-768x357.png 768w, https:\/\/intuitives-reiten.de\/wp-content\/uploads\/2021\/03\/Screenshot-2021-02-27-221125-370x172.png 370w\" sizes=\"auto, (max-width: 869px) 100vw, 869px\" \/><\/figure>\n\n\n\n<p>______________________________________________________________________________________________________________________________<\/p>\n\n\n\n<p><br><strong>Seminar:<\/strong> <strong>Klassische Arbeit an der Hand in der Pferdeausbildung<\/strong><\/p>\n\n\n\n<p><strong>TERMINE:<\/strong><\/p>\n\n\n\n<p><em>S<\/em>obald neue Termine geplant sind, werden sie hier ver\u00f6ffentlicht.<\/p>\n\n\n\n<p><\/p>\n\n\n\n<p><\/p>\n\n\n\n<p><\/p>\n\n\n\n<p>Die Arbeit an der Hand ist ein wesentlicher Bestandteil in der klassischen Pferdeausbildung.<\/p>\n\n\n\n<p>Arbeit an der Hand, korrekt ausgef\u00fchrt, ist ein wunderbares Hilfsmittel und eine abwechslungsreiche, wertvolle Erg\u00e4nzung zur Arbeit unter dem Sattel.<\/p>\n\n\n\n<p>Das junge Pferd wird auf sein sp\u00e4teres Leben als Reitpferd vorbereitet, bereits gerittene Pferde k\u00f6nnen vor dem Reiten gel\u00f6st und an der Hand weiter gef\u00f6rdert werden.<\/p>\n\n\n\n<p>Vorteil der Arbeit an der Hand ist, dass das Pferd lernt, sich ohne \u201est\u00f6rendes\u201c Reitergewicht, auszubalancieren. Es wird gymnastiziert, lernt die korrekte Haltung und st\u00e4rkt die Muskulatur, die es ben\u00f6tigt, um den Reiter effizient zu tragen.<\/p>\n\n\n\n<p>Das Pferd lernt Vertrauen, Gehorsam, Aufmerksamkeit, Entspannung, Dehnungshaltung, Durchl\u00e4ssigkeit.<\/p>\n\n\n\n<p>Spezielle \u00dcbungen und die Seiteng\u00e4nge helfen dem Pferd, sich auszubalancieren, es wird stark, geschmeidig und beweglich.<\/p>\n\n\n\n<p>Arbeit an der Hand ist nicht zu verwechseln mit Boden-, Freiarbeit oder zirzensischen Lektionen.<\/p>\n\n\n\n<p>Im Rahmen der Infoveranstaltung m\u00f6chte ich einen Einblick geben in:<\/p>\n\n\n\n<ul class=\"wp-block-list\">\n<li>Ausr\u00fcstung<\/li>\n\n\n\n<li>Position des Menschen zum Pferd<\/li>\n\n\n\n<li>Z\u00fcgelf\u00fchrung<\/li>\n\n\n\n<li>Basis\u00fcbungen<\/li>\n\n\n\n<li>Erarbeitung von Seiteng\u00e4ngen<\/li>\n<\/ul>\n\n\n\n<p>Erkl\u00e4rung anhand von 2 unterschiedlichen Pferden.<\/p>\n\n\n\n<p>Weitere Infos auf Anfrage.<\/p>\n\n\n\n<p><a href=\"http:\/\/intuitives-reiten.de\/?p=339\"><em><strong>NACH OBEN<\/strong><\/em><\/a><\/p>\n","protected":false},"excerpt":{"rendered":"","protected":false},"author":1,"featured_media":0,"parent":0,"menu_order":0,"comment_status":"closed","ping_status":"closed","template":"","meta":{"footnotes":""},"class_list":["post-784","page","type-page","status-publish","hentry"],"_links":{"self":[{"href":"https:\/\/intuitives-reiten.de\/index.php?rest_route=\/wp\/v2\/pages\/784","targetHints":{"allow":["GET"]}}],"collection":[{"href":"https:\/\/intuitives-reiten.de\/index.php?rest_route=\/wp\/v2\/pages"}],"about":[{"href":"https:\/\/intuitives-reiten.de\/index.php?rest_route=\/wp\/v2\/types\/page"}],"author":[{"embeddable":true,"href":"https:\/\/intuitives-reiten.de\/index.php?rest_route=\/wp\/v2\/users\/1"}],"replies":[{"embeddable":true,"href":"https:\/\/intuitives-reiten.de\/index.php?rest_route=%2Fwp%2Fv2%2Fcomments&post=784"}],"version-history":[{"count":25,"href":"https:\/\/intuitives-reiten.de\/index.php?rest_route=\/wp\/v2\/pages\/784\/revisions"}],"predecessor-version":[{"id":961,"href":"https:\/\/intuitives-reiten.de\/index.php?rest_route=\/wp\/v2\/pages\/784\/revisions\/961"}],"wp:attachment":[{"href":"https:\/\/intuitives-reiten.de\/index.php?rest_route=%2Fwp%2Fv2%2Fmedia&parent=784"}],"curies":[{"name":"wp","href":"https:\/\/api.w.org\/{rel}","templated":true}]}}